{"id":1708,"date":"2024-09-13T10:48:09","date_gmt":"2024-09-13T08:48:09","guid":{"rendered":"https:\/\/wuball.at\/imprint\/"},"modified":"2025-10-12T09:32:57","modified_gmt":"2025-10-12T07:32:57","slug":"imprint","status":"publish","type":"page","link":"https:\/\/wuball.at\/en\/imprint\/","title":{"rendered":"Imprint"},"content":{"rendered":"\t\t<div data-elementor-type=\"wp-page\" data-elementor-id=\"1708\" class=\"elementor elementor-1708 elementor-978\" data-elementor-post-type=\"page\">\n\t\t\t\t<div class=\"elementor-element elementor-element-3b42f5af e-flex e-con-boxed e-con e-parent\" data-id=\"3b42f5af\" data-element_type=\"container\" data-settings=\"{&quot;background_background&quot;:&quot;classic&quot;,&quot;motion_fx_motion_fx_scrolling&quot;:&quot;yes&quot;,&quot;motion_fx_devices&quot;:[&quot;widescreen&quot;,&quot;desktop&quot;,&quot;laptop&quot;,&quot;tablet_extra&quot;,&quot;tablet&quot;,&quot;mobile_extra&quot;,&quot;mobile&quot;]}\">\n\t\t\t\t\t<div class=\"e-con-inner\">\n\t\t<div class=\"elementor-element elementor-element-fd0e9eb e-con-full e-flex e-con e-child\" data-id=\"fd0e9eb\" data-element_type=\"container\" data-settings=\"{&quot;background_background&quot;:&quot;classic&quot;}\">\n\t\t\t\t<div class=\"elementor-element elementor-element-2df3071b elementor-widget elementor-widget-text-editor\" data-id=\"2df3071b\" data-element_type=\"widget\" data-widget_type=\"text-editor.default\">\n\t\t\t\t<div class=\"elementor-widget-container\">\n\t\t\t\t\t\t\t\t\t<p>Saturday, January 10, 2026 | 20:00<\/p>\t\t\t\t\t\t\t\t<\/div>\n\t\t\t\t<\/div>\n\t\t\t\t<div class=\"elementor-element elementor-element-e2cb510 elementor-widget elementor-widget-heading\" data-id=\"e2cb510\" data-element_type=\"widget\" data-widget_type=\"heading.default\">\n\t\t\t\t<div class=\"elementor-widget-container\">\n\t\t\t\t\t<h1 class=\"elementor-heading-title elementor-size-default\">Imprint<\/h1>\t\t\t\t<\/div>\n\t\t\t\t<\/div>\n\t\t\t\t<\/div>\n\t\t\t\t\t<\/div>\n\t\t\t\t<\/div>\n\t\t\t\t\t<script>\n\t\t\t\t(function($) {\n                    \"use strict\";\n\n                    var target = $('.elementor-element-3b42f5af');\n                    target.addClass('e-lazyloaded');\n\n                    \n                    var EaelParallaxElement = {\n\n\t\t\t\t\t\tinit: function() {\n\t\t\t\t\t\t\telementorFrontend.hooks.addAction('frontend\/element_ready\/global', EaelParallaxElement.initWidget);\n\t\t\t\t\t\t},\n                        responsiveParallax: function(){\n                            var android = 1,\n                                ios = 1;\n                            switch( true || 1 ){\n                                case android && ios:\n                                    return \/iPad|iPhone|iPod|Android\/;\n                                    break;\n                                case android && ! ios:\n                                    return \/Android\/;\n                                    break;\n                                case ! android && ios:\n                                    return \/iPad|iPhone|iPod\/;\n                                    break;\n                                case ( ! android && ! ios ):\n                                    return null;\n                            }\n                        },\n\t\t\t\t\t\tinitWidget: function( $scope ) {\n\n\t\t\t\t\t\t\ttarget.jarallax({\n\t\t\t\t\t\t\t\ttype: 'scroll',\n\t\t\t\t\t\t\t\tspeed: 1.3,\n\t\t\t\t\t\t\t\tkeepImg: true,\n                                disableParallax: EaelParallaxElement.responsiveParallax(),\n\t\t\t\t\t\t\t});\n\t\t\t\t\t\t}\n\n\t\t\t\t\t};\n\n\t\t\t\t\t$( window ).on('elementor\/frontend\/init', EaelParallaxElement.init);\n\n                    \t\t\t\t}( jQuery ) );\n\t\t\t<\/script>\n\t\t<div class=\"elementor-element elementor-element-11a52f5 e-flex e-con-boxed e-con e-parent\" data-id=\"11a52f5\" data-element_type=\"container\">\n\t\t\t\t\t<div class=\"e-con-inner\">\n\t\t\t\t<div class=\"elementor-element elementor-element-0a98686 elementor-widget elementor-widget-text-editor\" data-id=\"0a98686\" data-element_type=\"widget\" data-widget_type=\"text-editor.default\">\n\t\t\t\t<div class=\"elementor-widget-container\">\n\t\t\t\t\t\t\t\t\t<p>This disclaimer is only available in German, according to Austrian federal law \u00a7 25 &#8220;Mediengesetz&#8221;:<br \/>Vorsitzender und <strong>Herausgeber<\/strong>: Simon Weber<strong><br \/><\/strong><\/p><p><strong>Medieninhaber:<\/strong><br \/>Hochsch\u00fclerInnenschaft an der Wirtschaftsuniversit\u00e4t Wien (\u00d6H WU)<br \/>Welthandelsplatz 1, Geb\u00e4ude SC<br \/>1020 Wien<br \/>Tel.: +43 (0) 1 31336 &#8211; 5555<br \/>Fax: +43 (0) 1 31336 &#8211; 90748 <br \/>Email: <a href=\"mailto:office@wuball.at\" target=\"_blank\" rel=\"noopener\">office@wuball.at<\/a><\/p><p><strong>Gesellschaftsform:<\/strong><br \/>Die Hochsch\u00fclerInnernschaft an der Wirtschaftsuniversit\u00e4t Wien ist eine K\u00f6rperschaft \u00d6ffentlichen Rechts.<\/p><p><strong>Gegenstand des Unternehmens:<\/strong><br \/>Interessensvertretung der Studierenden an der Wirtschaftsuniversit\u00e4t Wien.<\/p><p><strong>Grundlegende Richtung:<\/strong><br \/>Die Hochsch\u00fclerInnenschaft an der Wirtschaftsuniversit\u00e4t Wien (\u00d6H WU) ist auf Basis des \u00f6sterreichischen Hochsch\u00fclerinnen- und Hochsch\u00fclerschaftsgesetz die gesetzliche Interessensvertretung aller Studierenden an der Wirtschaftsuniversit\u00e4t Wien.<\/p><p><strong>Bildnachweis Sujet WU Ball:<\/strong><br \/>\u00a9 <a href=\"https:\/\/www.instagram.com\/ewolf.media\" target=\"_blank\" rel=\"noopener\">Sebastian Siegel<\/a><\/p><p><strong>Bildnachweise:<br \/>\u00a9 <a href=\"https:\/\/www.lipiarski.com\/\" target=\"_blank\" rel=\"noopener\">Philipp Lipiarski<\/a><strong><br \/>\u00a9 <a href=\"https:\/\/www.instagram.com\/ewolf.media\" target=\"_blank\" rel=\"noopener\">Sebastian Siegel<\/a><\/strong><\/strong><\/p>\t\t\t\t\t\t\t\t<\/div>\n\t\t\t\t<\/div>\n\t\t\t\t<div class=\"elementor-element elementor-element-62b86c7 elementor-widget elementor-widget-text-editor\" data-id=\"62b86c7\" data-element_type=\"widget\" data-widget_type=\"text-editor.default\">\n\t\t\t\t<div class=\"elementor-widget-container\">\n\t\t\t\t\t\t\t\t\t<p><strong>Webdesign<\/strong>: <a href=\"https:\/\/trisign.at\/\" target=\"_blank\" rel=\"noopener\">trisign.at<\/a><\/p>\t\t\t\t\t\t\t\t<\/div>\n\t\t\t\t<\/div>\n\t\t\t\t\t<\/div>\n\t\t\t\t<\/div>\n\t\t\t\t<\/div>\n\t\t","protected":false},"excerpt":{"rendered":"<p>Saturday, January 10, 2026 | 20:00 Imprint This disclaimer is only available in German, according to Austrian federal law \u00a7 25 &#8220;Mediengesetz&#8221;:Vorsitzender und Herausgeber: Simon Weber Medieninhaber:Hochsch\u00fclerInnenschaft an der Wirtschaftsuniversit\u00e4t Wien (\u00d6H WU)Welthandelsplatz 1, Geb\u00e4ude SC1020 WienTel.: +43 (0) 1 31336 &#8211; 5555Fax: +43 (0) 1 31336 &#8211; 90748 Email: office@wuball.at Gesellschaftsform:Die Hochsch\u00fclerInnernschaft an der [&hellip;]<\/p>\n","protected":false},"author":1,"featured_media":0,"parent":0,"menu_order":0,"comment_status":"closed","ping_status":"closed","template":"","meta":{"footnotes":""},"class_list":["post-1708","page","type-page","status-publish","hentry"],"_links":{"self":[{"href":"https:\/\/wuball.at\/en\/wp-json\/wp\/v2\/pages\/1708","targetHints":{"allow":["GET"]}}],"collection":[{"href":"https:\/\/wuball.at\/en\/wp-json\/wp\/v2\/pages"}],"about":[{"href":"https:\/\/wuball.at\/en\/wp-json\/wp\/v2\/types\/page"}],"author":[{"embeddable":true,"href":"https:\/\/wuball.at\/en\/wp-json\/wp\/v2\/users\/1"}],"replies":[{"embeddable":true,"href":"https:\/\/wuball.at\/en\/wp-json\/wp\/v2\/comments?post=1708"}],"version-history":[{"count":11,"href":"https:\/\/wuball.at\/en\/wp-json\/wp\/v2\/pages\/1708\/revisions"}],"predecessor-version":[{"id":2692,"href":"https:\/\/wuball.at\/en\/wp-json\/wp\/v2\/pages\/1708\/revisions\/2692"}],"wp:attachment":[{"href":"https:\/\/wuball.at\/en\/wp-json\/wp\/v2\/media?parent=1708"}],"curies":[{"name":"wp","href":"https:\/\/api.w.org\/{rel}","templated":true}]}}