{"id":2031,"date":"2024-09-03T11:20:30","date_gmt":"2024-09-03T09:20:30","guid":{"rendered":"https:\/\/wuball.at\/data-privacy\/"},"modified":"2024-10-10T14:58:13","modified_gmt":"2024-10-10T12:58:13","slug":"data-privacy","status":"publish","type":"page","link":"https:\/\/wuball.at\/en\/data-privacy\/","title":{"rendered":"Data Privacy"},"content":{"rendered":"\t\t<div data-elementor-type=\"wp-page\" data-elementor-id=\"2031\" class=\"elementor elementor-2031 elementor-3\" data-elementor-post-type=\"page\">\n\t\t\t\t<div class=\"elementor-element elementor-element-707888be e-flex e-con-boxed e-con e-parent\" data-id=\"707888be\" data-element_type=\"container\" data-e-type=\"container\" data-settings=\"{&quot;background_background&quot;:&quot;classic&quot;,&quot;motion_fx_motion_fx_scrolling&quot;:&quot;yes&quot;,&quot;motion_fx_devices&quot;:[&quot;widescreen&quot;,&quot;desktop&quot;,&quot;laptop&quot;,&quot;tablet_extra&quot;,&quot;tablet&quot;,&quot;mobile_extra&quot;,&quot;mobile&quot;]}\">\n\t\t\t\t\t<div class=\"e-con-inner\">\n\t\t<div class=\"elementor-element elementor-element-1cbeea98 e-con-full e-flex e-con e-child\" data-id=\"1cbeea98\" data-element_type=\"container\" data-e-type=\"container\" data-settings=\"{&quot;background_background&quot;:&quot;classic&quot;}\">\n\t\t\t\t<div class=\"elementor-element elementor-element-7c1d84ae elementor-widget elementor-widget-text-editor\" data-id=\"7c1d84ae\" data-element_type=\"widget\" data-e-type=\"widget\" data-widget_type=\"text-editor.default\">\n\t\t\t\t<div class=\"elementor-widget-container\">\n\t\t\t\t\t\t\t\t\t<p>Saturday, January 11, 2025 | 20:00<\/p>\n\t\t\t\t\t\t\t\t<\/div>\n\t\t\t\t<\/div>\n\t\t\t\t<div class=\"elementor-element elementor-element-126a94d elementor-widget elementor-widget-heading\" data-id=\"126a94d\" data-element_type=\"widget\" data-e-type=\"widget\" data-widget_type=\"heading.default\">\n\t\t\t\t<div class=\"elementor-widget-container\">\n\t\t\t\t\t<h1 class=\"elementor-heading-title elementor-size-default\">Data privacy<\/h1>\t\t\t\t<\/div>\n\t\t\t\t<\/div>\n\t\t\t\t<\/div>\n\t\t\t\t\t<\/div>\n\t\t\t\t<\/div>\n\t\t\t\t\t<script>\n\t\t\t\t(function($) {\n                    \"use strict\";\n\n                    var target = $('.elementor-element-707888be');\n                    target.addClass('e-lazyloaded');\n\n                    \n                    var EaelParallaxElement = {\n\n\t\t\t\t\t\tinit: function() {\n\t\t\t\t\t\t\telementorFrontend.hooks.addAction('frontend\/element_ready\/global', EaelParallaxElement.initWidget);\n\t\t\t\t\t\t},\n                        responsiveParallax: function(){\n                            var android = 1,\n                                ios = 1;\n                            switch( true || 1 ){\n                                case android && ios:\n                                    return \/iPad|iPhone|iPod|Android\/;\n                                    break;\n                                case android && ! ios:\n                                    return \/Android\/;\n                                    break;\n                                case ! android && ios:\n                                    return \/iPad|iPhone|iPod\/;\n                                    break;\n                                case ( ! android && ! ios ):\n                                    return null;\n                            }\n                        },\n\t\t\t\t\t\tinitWidget: function( $scope ) {\n\n\t\t\t\t\t\t\ttarget.jarallax({\n\t\t\t\t\t\t\t\ttype: 'scroll',\n\t\t\t\t\t\t\t\tspeed: 1.3,\n\t\t\t\t\t\t\t\tkeepImg: true,\n                                disableParallax: EaelParallaxElement.responsiveParallax(),\n\t\t\t\t\t\t\t});\n\t\t\t\t\t\t}\n\n\t\t\t\t\t};\n\n\t\t\t\t\t$( window ).on('elementor\/frontend\/init', EaelParallaxElement.init);\n\n                    \t\t\t\t}( jQuery ) );\n\t\t\t<\/script>\n\t\t<div class=\"elementor-element elementor-element-d4758dc e-flex e-con-boxed e-con e-parent\" data-id=\"d4758dc\" data-element_type=\"container\" data-e-type=\"container\">\n\t\t\t\t\t<div class=\"e-con-inner\">\n\t\t\t\t<div class=\"elementor-element elementor-element-207e72c elementor-widget elementor-widget-text-editor\" data-id=\"207e72c\" data-element_type=\"widget\" data-e-type=\"widget\" data-widget_type=\"text-editor.default\">\n\t\t\t\t<div class=\"elementor-widget-container\">\n\t\t\t\t\t\t\t\t\t<p>This disclaimer is only available in German Der Schutz Deiner pers\u00f6nlichen Daten ist uns ein besonderes Anliegen. Wir verarbeiten Deine Daten daher ausschlie\u00dflich auf Grundlage der gesetzlichen Bestimmungen (DSGVO, TKG 2023). In diesen Datenschutzinformationen informieren wir Dich \u00fcber die wichtigsten Aspekte der Datenverarbeitung im Rahmen des Internetauftrittes des WU Balls.  <\/p>\n\t\t\t\t\t\t\t\t<\/div>\n\t\t\t\t<\/div>\n\t\t\t\t<div class=\"elementor-element elementor-element-ee75787 elementor-widget elementor-widget-heading\" data-id=\"ee75787\" data-element_type=\"widget\" data-e-type=\"widget\" data-widget_type=\"heading.default\">\n\t\t\t\t<div class=\"elementor-widget-container\">\n\t\t\t\t\t<h2 class=\"elementor-heading-title elementor-size-default\">Verantwortliche Stelle<\/h2>\t\t\t\t<\/div>\n\t\t\t\t<\/div>\n\t\t\t\t<div class=\"elementor-element elementor-element-b705fca elementor-widget elementor-widget-text-editor\" data-id=\"b705fca\" data-element_type=\"widget\" data-e-type=\"widget\" data-widget_type=\"text-editor.default\">\n\t\t\t\t<div class=\"elementor-widget-container\">\n\t\t\t\t\t\t\t\t\t<p>\u00d6sterreichische Hochsch\u00fclerInnenschaft an der Wirtschaftsuniversit\u00e4t Wien<br \/>Welthandelsplatz 1, SC<br \/>1020 Wien<\/p>\n<p>Kontakt: <a href=\"mailto:oeh@oeh-wu.at\">oeh@oeh-wu.at<\/a><\/p>\n<p>N\u00e4here Informationen findest Du im <a href=\"https:\/\/wuball.at\/en\/imprint\/\">Impressum<\/a>.<\/p>\n\t\t\t\t\t\t\t\t<\/div>\n\t\t\t\t<\/div>\n\t\t\t\t<div class=\"elementor-element elementor-element-57b5b3c elementor-widget elementor-widget-heading\" data-id=\"57b5b3c\" data-element_type=\"widget\" data-e-type=\"widget\" data-widget_type=\"heading.default\">\n\t\t\t\t<div class=\"elementor-widget-container\">\n\t\t\t\t\t<h2 class=\"elementor-heading-title elementor-size-default\">Kontakt<\/h2>\t\t\t\t<\/div>\n\t\t\t\t<\/div>\n\t\t\t\t<div class=\"elementor-element elementor-element-9b2d24e elementor-widget elementor-widget-text-editor\" data-id=\"9b2d24e\" data-element_type=\"widget\" data-e-type=\"widget\" data-widget_type=\"text-editor.default\">\n\t\t\t\t<div class=\"elementor-widget-container\">\n\t\t\t\t\t\t\t\t\t<p>Wenn Du per E-Mail mit uns Kontakt aufnimmst, werden Deine angegebenen Daten zwecks Bearbeitung der Anfrage und f\u00fcr den Fall von Anschlussfragen bis zu max. 7 Jahre bei uns gespeichert. Diese Daten geben wir nicht ohne Deine Einwilligung weiter.  <\/p>\n\t\t\t\t\t\t\t\t<\/div>\n\t\t\t\t<\/div>\n\t\t\t\t<div class=\"elementor-element elementor-element-4e667fa elementor-widget elementor-widget-heading\" data-id=\"4e667fa\" data-element_type=\"widget\" data-e-type=\"widget\" data-widget_type=\"heading.default\">\n\t\t\t\t<div class=\"elementor-widget-container\">\n\t\t\t\t\t<h2 class=\"elementor-heading-title elementor-size-default\">Cookies | Webanalyse mit Matomo ohne Cookies<\/h2>\t\t\t\t<\/div>\n\t\t\t\t<\/div>\n\t\t\t\t<div class=\"elementor-element elementor-element-e540346 elementor-widget elementor-widget-text-editor\" data-id=\"e540346\" data-element_type=\"widget\" data-e-type=\"widget\" data-widget_type=\"text-editor.default\">\n\t\t\t\t<div class=\"elementor-widget-container\">\n\t\t\t\t\t\t\t\t\t<p>Unsere Website verwendet zur Webanalyse eine so genannte cookieless-Variante mit dem Webanalysedienst Matomo. Bei der Nutzung der Website wird kein Benutzerprofil angelegt, bevor die IP-Adresse gespeichert wird, wird diese anonymisiert. Es wird kein Benutzerprofil angelegt, sodass wir wiederkehrende Besucher nicht erkennen. Der Webanalysedienst wird auf Grundlage des berechtigten Interesses gem\u00e4\u00df Art. 6 Abs. 1 lit. f) DSGVO eingesetzt. Dieses Interesse besteht darin, durch eine anonymisierte Analyse des Nutzerverhaltens das Webangebot optimieren zu k\u00f6nnen.      <\/p>\n\t\t\t\t\t\t\t\t<\/div>\n\t\t\t\t<\/div>\n\t\t\t\t<div class=\"elementor-element elementor-element-1a49836 elementor-widget elementor-widget-heading\" data-id=\"1a49836\" data-element_type=\"widget\" data-e-type=\"widget\" data-widget_type=\"heading.default\">\n\t\t\t\t<div class=\"elementor-widget-container\">\n\t\t\t\t\t<h2 class=\"elementor-heading-title elementor-size-default\">TLS-Verschl\u00fcsselung<\/h2>\t\t\t\t<\/div>\n\t\t\t\t<\/div>\n\t\t\t\t<div class=\"elementor-element elementor-element-4b7fc4b elementor-widget elementor-widget-text-editor\" data-id=\"4b7fc4b\" data-element_type=\"widget\" data-e-type=\"widget\" data-widget_type=\"text-editor.default\">\n\t\t\t\t<div class=\"elementor-widget-container\">\n\t\t\t\t\t\t\t\t\t<p>W\u00e4hrend der Daten\u00fcbertragung wird der Schutz Deiner Daten durch Das TLS-Verschl\u00fcsselungsprotokoll (Transport Layer Security) sichergestellt. Mittels eines symmetrischen Verschl\u00fcsselungsverfahren wird der Datenverkehr gesichert, die aktive Verschl\u00fcsselung ist einerseits durch das kleine Schlosssymbol in der linken Ecke der Browser-Adresszeile und andererseits durch den Pr\u00e4fix der Adresszeile \u201ehttps\u201c (anstatt \u201ehttp\u201c) erkennbar. <\/p>\n\t\t\t\t\t\t\t\t<\/div>\n\t\t\t\t<\/div>\n\t\t\t\t<div class=\"elementor-element elementor-element-a478492 elementor-widget elementor-widget-heading\" data-id=\"a478492\" data-element_type=\"widget\" data-e-type=\"widget\" data-widget_type=\"heading.default\">\n\t\t\t\t<div class=\"elementor-widget-container\">\n\t\t\t\t\t<h2 class=\"elementor-heading-title elementor-size-default\">Datenspeicherung<\/h2>\t\t\t\t<\/div>\n\t\t\t\t<\/div>\n\t\t\t\t<div class=\"elementor-element elementor-element-6f8fb8f elementor-widget elementor-widget-text-editor\" data-id=\"6f8fb8f\" data-element_type=\"widget\" data-e-type=\"widget\" data-widget_type=\"text-editor.default\">\n\t\t\t\t<div class=\"elementor-widget-container\">\n\t\t\t\t\t\t\t\t\t<p>Aus technischen Gr\u00fcnden (Fehleranalyse, Schutz vor Angriffen, IDS\/IDP) protokolliert der Webserver (bzw. Reverse Proxy) die im Internet \u00fcblichen Daten mit:<\/p>\n<ul>\n<li>IP-Adresse<\/li>\n<li>URL der angeforderten Seite<\/li>\n<li>Zeit<\/li>\n<li>Browserkennung (= HTTP User Agent)<\/li>\n<li>ggf. Referer (die Seite, von der Du zu dieser Website gekommen bist)<\/li>\n<\/ul>\n<p>Diese Daten werden, sofern es nicht etwa aus rechtlichen Gr\u00fcnden erforderlich ist, nach sp\u00e4testens 3 Monaten wieder gel\u00f6scht.<\/p>\n<p>Diese Logdaten werden au\u00dferdem genutzt, um eine Traffic-Analyse durchzuf\u00fchren. Jegliche Personendaten (v.a. IP-Adresse) werden nicht extra abgespeichert. Insofern ist aus dieser Statistik kein Personenbezug mehr m\u00f6glich.  <\/p>\n\t\t\t\t\t\t\t\t<\/div>\n\t\t\t\t<\/div>\n\t\t\t\t<div class=\"elementor-element elementor-element-220237c elementor-widget elementor-widget-heading\" data-id=\"220237c\" data-element_type=\"widget\" data-e-type=\"widget\" data-widget_type=\"heading.default\">\n\t\t\t\t<div class=\"elementor-widget-container\">\n\t\t\t\t\t<h2 class=\"elementor-heading-title elementor-size-default\">Deine Rechte <\/h2>\t\t\t\t<\/div>\n\t\t\t\t<\/div>\n\t\t\t\t<div class=\"elementor-element elementor-element-1389806 elementor-widget elementor-widget-text-editor\" data-id=\"1389806\" data-element_type=\"widget\" data-e-type=\"widget\" data-widget_type=\"text-editor.default\">\n\t\t\t\t<div class=\"elementor-widget-container\">\n\t\t\t\t\t\t\t\t\t<p>Dir stehen grunds\u00e4tzlich die Rechte auf Auskunft, Berichtigung, L\u00f6schung, Einschr\u00e4nkung, Daten\u00fcbertragbarkeit, Widerruf und Widerspruch zu. Wenn Du glaubst, dass die Verarbeitung Deiner Daten gegen das Datenschutzrecht verst\u00f6\u00dft oder Deine datenschutzrechtlichen Anspr\u00fcche sonst in einer Weise verletzt worden sind, kannst du uns gerne unter <a href=\"mailto:oeh@oeh-wu.at\">oeh@oeh-wu.at<\/a> kontaktieren oder Dich an die Aufsichtsbeh\u00f6rde wenden. In \u00d6sterreich ist dies die Datenschutzbeh\u00f6rde.  <\/p>\n\t\t\t\t\t\t\t\t<\/div>\n\t\t\t\t<\/div>\n\t\t\t\t\t<\/div>\n\t\t\t\t<\/div>\n\t\t\t\t<\/div>\n\t\t","protected":false},"excerpt":{"rendered":"<p>Saturday, January 11, 2025 | 20:00 Data privacy This disclaimer is only available in German Der Schutz Deiner pers\u00f6nlichen Daten ist uns ein besonderes Anliegen. Wir verarbeiten Deine Daten daher ausschlie\u00dflich auf Grundlage der gesetzlichen Bestimmungen (DSGVO, TKG 2023). In diesen Datenschutzinformationen informieren wir Dich \u00fcber die wichtigsten Aspekte der Datenverarbeitung im Rahmen des Internetauftrittes [&hellip;]<\/p>\n","protected":false},"author":1,"featured_media":0,"parent":0,"menu_order":0,"comment_status":"closed","ping_status":"closed","template":"","meta":{"footnotes":""},"class_list":["post-2031","page","type-page","status-publish","hentry"],"_links":{"self":[{"href":"https:\/\/wuball.at\/en\/wp-json\/wp\/v2\/pages\/2031","targetHints":{"allow":["GET"]}}],"collection":[{"href":"https:\/\/wuball.at\/en\/wp-json\/wp\/v2\/pages"}],"about":[{"href":"https:\/\/wuball.at\/en\/wp-json\/wp\/v2\/types\/page"}],"author":[{"embeddable":true,"href":"https:\/\/wuball.at\/en\/wp-json\/wp\/v2\/users\/1"}],"replies":[{"embeddable":true,"href":"https:\/\/wuball.at\/en\/wp-json\/wp\/v2\/comments?post=2031"}],"version-history":[{"count":2,"href":"https:\/\/wuball.at\/en\/wp-json\/wp\/v2\/pages\/2031\/revisions"}],"predecessor-version":[{"id":2053,"href":"https:\/\/wuball.at\/en\/wp-json\/wp\/v2\/pages\/2031\/revisions\/2053"}],"wp:attachment":[{"href":"https:\/\/wuball.at\/en\/wp-json\/wp\/v2\/media?parent=2031"}],"curies":[{"name":"wp","href":"https:\/\/api.w.org\/{rel}","templated":true}]}}